{"id":53,"date":"2021-02-03T20:21:50","date_gmt":"2021-02-03T19:21:50","guid":{"rendered":"http:\/\/tamus.tachov.org\/subdom\/komedyjanti2\/?page_id=53"},"modified":"2026-03-13T19:08:58","modified_gmt":"2026-03-13T18:08:58","slug":"annual-reports","status":"publish","type":"page","link":"https:\/\/tamus.tachov.org\/subdom\/tamus\/annual-reports\/","title":{"rendered":"Annual Reports"},"content":{"rendered":"\n<p><\/p>\n\n\n\n<h2 class=\"wp-block-heading\" id=\"vyrocni-zpravy-v-pdf-ke-stazeni\">&#8222;V\u00fdro\u010dn\u00ed zpr\u00e1vy v PDF ke sta\u017een\u00ed&#8220;<\/h2>\n\n\n\n<p><\/p>\n\n\n\n<div class=\"wp-block-file\"><a id=\"wp-block-file--media-a1cd9053-38f5-4115-a6bf-96becae58622\" href=\"http:\/\/tamus.tachov.org\/subdom\/komedyjanti2\/wp-content\/uploads\/2021\/02\/TamusAnnual2015.pdf\" target=\"_blank\" rel=\"noreferrer noopener\">V\u00fdro\u010dn\u00ed zpr\u00e1va 2015, Annual Report 2015.<\/a><a href=\"http:\/\/tamus.tachov.org\/subdom\/komedyjanti2\/wp-content\/uploads\/2021\/02\/TamusAnnual2015.pdf\" class=\"wp-block-file__button wp-element-button\" download aria-describedby=\"wp-block-file--media-a1cd9053-38f5-4115-a6bf-96becae58622\">St\u00e1hnout<\/a><\/div>\n\n\n\n<div class=\"wp-block-file\"><a id=\"wp-block-file--media-9241e80e-6756-4fd0-999b-0a0d9a565a20\" href=\"http:\/\/tamus.tachov.org\/subdom\/komedyjanti2\/wp-content\/uploads\/2021\/02\/TamusAnnual2016.pdf\" target=\"_blank\" rel=\"noreferrer noopener\">V\u00fdro\u010dn\u00ed zpr\u00e1va 2016, Annual Report 2016.<\/a><a href=\"http:\/\/tamus.tachov.org\/subdom\/komedyjanti2\/wp-content\/uploads\/2021\/02\/TamusAnnual2016.pdf\" class=\"wp-block-file__button wp-element-button\" download aria-describedby=\"wp-block-file--media-9241e80e-6756-4fd0-999b-0a0d9a565a20\">St\u00e1hnout<\/a><\/div>\n\n\n\n<div class=\"wp-block-file\"><a id=\"wp-block-file--media-8b2bf76c-8c40-4932-b0e2-95c2b66f4141\" href=\"http:\/\/tamus.tachov.org\/subdom\/komedyjanti2\/wp-content\/uploads\/2021\/02\/TamusAnnual2017.pdf\" target=\"_blank\" rel=\"noreferrer noopener\">V\u00fdro\u010dn\u00ed zpr\u00e1va 2017, Annual Report 2017.<\/a><a href=\"http:\/\/tamus.tachov.org\/subdom\/komedyjanti2\/wp-content\/uploads\/2021\/02\/TamusAnnual2017.pdf\" class=\"wp-block-file__button wp-element-button\" download aria-describedby=\"wp-block-file--media-8b2bf76c-8c40-4932-b0e2-95c2b66f4141\">St\u00e1hnout<\/a><\/div>\n\n\n\n<div class=\"wp-block-file\"><a id=\"wp-block-file--media-decbeb9d-6198-469a-9009-d1a4cfda263c\" href=\"http:\/\/tamus.tachov.org\/subdom\/komedyjanti2\/wp-content\/uploads\/2021\/02\/TamusAnnual2018.pdf\" target=\"_blank\" rel=\"noreferrer noopener\">V\u00fdro\u010dn\u00ed zpr\u00e1va 2018, Annual Report 2018.<\/a><a href=\"http:\/\/tamus.tachov.org\/subdom\/komedyjanti2\/wp-content\/uploads\/2021\/02\/TamusAnnual2018.pdf\" class=\"wp-block-file__button wp-element-button\" download aria-describedby=\"wp-block-file--media-decbeb9d-6198-469a-9009-d1a4cfda263c\">St\u00e1hnout<\/a><\/div>\n\n\n\n<div class=\"wp-block-file\"><a id=\"wp-block-file--media-f7574a5e-3fa6-4994-bf5a-1634a11b3cb5\" href=\"http:\/\/tamus.tachov.org\/subdom\/komedyjanti2\/wp-content\/uploads\/2021\/02\/TamusAnnual2019.pdf\" target=\"_blank\" rel=\"noreferrer noopener\">V\u00fdro\u010dn\u00ed zpr\u00e1va 2019, Annual Report 2019.<\/a><a href=\"http:\/\/tamus.tachov.org\/subdom\/komedyjanti2\/wp-content\/uploads\/2021\/02\/TamusAnnual2019.pdf\" class=\"wp-block-file__button wp-element-button\" download aria-describedby=\"wp-block-file--media-f7574a5e-3fa6-4994-bf5a-1634a11b3cb5\">St\u00e1hnout<\/a><\/div>\n\n\n\n<div class=\"wp-block-file\"><a id=\"wp-block-file--media-47fa9aba-81d7-44a5-ae1c-241eccf656fe\" href=\"http:\/\/tamus.tachov.org\/subdom\/komedyjanti2\/wp-content\/uploads\/2021\/02\/TamusAnnual2020.pdf\" target=\"_blank\" rel=\"noreferrer noopener\">V\u00fdro\u010dn\u00ed zpr\u00e1va 2020, Annual Report 2020.<\/a><a href=\"http:\/\/tamus.tachov.org\/subdom\/komedyjanti2\/wp-content\/uploads\/2021\/02\/TamusAnnual2020.pdf\" class=\"wp-block-file__button wp-element-button\" download aria-describedby=\"wp-block-file--media-47fa9aba-81d7-44a5-ae1c-241eccf656fe\">St\u00e1hnout<\/a><\/div>\n\n\n\n<div class=\"wp-block-file\"><a id=\"wp-block-file--media-059194f4-0e25-4c5e-bd38-f04ed65356f2\" href=\"https:\/\/tamus.tachov.org\/subdom\/tamus\/wp-content\/uploads\/2022\/01\/TamusAnnual2021.pdf\" target=\"_blank\" rel=\"noreferrer noopener\">V\u00fdro\u010dn\u00ed zpr\u00e1va 2021, Annual Report 2021<\/a><a href=\"https:\/\/tamus.tachov.org\/subdom\/tamus\/wp-content\/uploads\/2022\/01\/TamusAnnual2021.pdf\" class=\"wp-block-file__button wp-element-button\" download aria-describedby=\"wp-block-file--media-059194f4-0e25-4c5e-bd38-f04ed65356f2\">St\u00e1hnout<\/a><\/div>\n\n\n\n<div class=\"wp-block-file\"><a id=\"wp-block-file--media-059194f4-0e25-4c5e-bd38-f04ed65356f2\" href=\"https:\/\/tamus.tachov.org\/subdom\/tamus\/wp-content\/uploads\/2023\/02\/TamusAnnual2022m-1.pdf\" target=\"_blank\" rel=\"noreferrer noopener\">V\u00fdro\u010dn\u00ed zpr\u00e1va 2022, Annual Report 2022<\/a><a href=\"https:\/\/tamus.tachov.org\/subdom\/tamus\/wp-content\/uploads\/2023\/02\/TamusAnnual2022m-1.pdf\" class=\"wp-block-file__button wp-element-button\" download aria-describedby=\"wp-block-file--media-059194f4-0e25-4c5e-bd38-f04ed65356f2\">St\u00e1hnout<\/a><\/div>\n\n\n\n<div class=\"wp-block-file\"><a id=\"wp-block-file--media-059194f4-0e25-4c5e-bd38-f04ed65356f2\" href=\"https:\/\/tamus.tachov.org\/subdom\/tamus\/wp-content\/uploads\/2024\/02\/TamusAnnual2023m.pdf\" target=\"_blank\" rel=\"noreferrer noopener\">V\u00fdro\u010dn\u00ed zpr\u00e1va 2023, Annual Report 2023<\/a><a href=\"https:\/\/tamus.tachov.org\/subdom\/tamus\/wp-content\/uploads\/2024\/02\/TamusAnnual2023m.pdf\" class=\"wp-block-file__button wp-element-button\" download aria-describedby=\"wp-block-file--media-059194f4-0e25-4c5e-bd38-f04ed65356f2\">St\u00e1hnout<\/a><\/div>\n\n\n\n<div class=\"wp-block-file\"><a id=\"wp-block-file--media-40f561f8-8a4e-4d7c-917d-8a86f6f9cedf\" href=\"https:\/\/tamus.tachov.org\/subdom\/tamus\/wp-content\/uploads\/2025\/03\/TamusAnnual2024m.pdf\" target=\"_blank\" rel=\"noreferrer noopener\">V\u00fdro\u010dn\u00ed zpr\u00e1va 2024, Annual Report 2024<\/a><a href=\"https:\/\/tamus.tachov.org\/subdom\/tamus\/wp-content\/uploads\/2025\/03\/TamusAnnual2024m.pdf\" class=\"wp-block-file__button wp-element-button\" download aria-describedby=\"wp-block-file--media-40f561f8-8a4e-4d7c-917d-8a86f6f9cedf\">St\u00e1hnout<\/a><\/div>\n\n\n\n<div class=\"wp-block-file\"><a id=\"wp-block-file--media-18a7f07d-262c-4d1f-a924-50e2b7992181\" href=\"https:\/\/tamus.tachov.org\/subdom\/tamus\/wp-content\/uploads\/2026\/03\/TamusAnnual2025m.pdf\" target=\"_blank\" rel=\"noreferrer noopener\">V\u00fdro\u010dn\u00ed zpr\u00e1va 2025, Annual Report 2025<\/a><a href=\"https:\/\/tamus.tachov.org\/subdom\/tamus\/wp-content\/uploads\/2026\/03\/TamusAnnual2025m.pdf\" class=\"wp-block-file__button wp-element-button\" download aria-describedby=\"wp-block-file--media-18a7f07d-262c-4d1f-a924-50e2b7992181\">St\u00e1hnout<\/a><\/div>\n\n\n\n<p><\/p>\n\n\n\n<figure class=\"wp-block-image size-medium\"><img loading=\"lazy\" decoding=\"async\" width=\"189\" height=\"300\" src=\"https:\/\/tamus.tachov.org\/subdom\/tamus\/wp-content\/uploads\/2025\/07\/qr-189x300.jpg\" alt=\"\" class=\"wp-image-692\" srcset=\"https:\/\/tamus.tachov.org\/subdom\/tamus\/wp-content\/uploads\/2025\/07\/qr-189x300.jpg 189w, https:\/\/tamus.tachov.org\/subdom\/tamus\/wp-content\/uploads\/2025\/07\/qr.jpg 400w\" sizes=\"(max-width: 189px) 100vw, 189px\" \/><figcaption class=\"wp-element-caption\">Created with GIMP<\/figcaption><\/figure>\n","protected":false},"excerpt":{"rendered":"<p>&#8222;V\u00fdro\u010dn\u00ed zpr\u00e1vy v PDF ke sta\u017een\u00ed&#8220;<\/p>\n","protected":false},"author":1,"featured_media":0,"parent":0,"menu_order":0,"comment_status":"closed","ping_status":"closed","template":"","meta":{"ocean_post_layout":"","ocean_both_sidebars_style":"","ocean_both_sidebars_content_width":0,"ocean_both_sidebars_sidebars_width":0,"ocean_sidebar":"0","ocean_second_sidebar":"0","ocean_disable_margins":"enable","ocean_add_body_class":"","ocean_shortcode_before_top_bar":"","ocean_shortcode_after_top_bar":"","ocean_shortcode_before_header":"","ocean_shortcode_after_header":"","ocean_has_shortcode":"","ocean_shortcode_after_title":"","ocean_shortcode_before_footer_widgets":"","ocean_shortcode_after_footer_widgets":"","ocean_shortcode_before_footer_bottom":"","ocean_shortcode_after_footer_bottom":"","ocean_display_top_bar":"default","ocean_display_header":"default","ocean_header_style":"","ocean_center_header_left_menu":"0","ocean_custom_header_template":"0","ocean_custom_logo":0,"ocean_custom_retina_logo":0,"ocean_custom_logo_max_width":0,"ocean_custom_logo_tablet_max_width":0,"ocean_custom_logo_mobile_max_width":0,"ocean_custom_logo_max_height":0,"ocean_custom_logo_tablet_max_height":0,"ocean_custom_logo_mobile_max_height":0,"ocean_header_custom_menu":"0","ocean_menu_typo_font_family":"0","ocean_menu_typo_font_subset":"","ocean_menu_typo_font_size":0,"ocean_menu_typo_font_size_tablet":0,"ocean_menu_typo_font_size_mobile":0,"ocean_menu_typo_font_size_unit":"px","ocean_menu_typo_font_weight":"","ocean_menu_typo_font_weight_tablet":"","ocean_menu_typo_font_weight_mobile":"","ocean_menu_typo_transform":"","ocean_menu_typo_transform_tablet":"","ocean_menu_typo_transform_mobile":"","ocean_menu_typo_line_height":0,"ocean_menu_typo_line_height_tablet":0,"ocean_menu_typo_line_height_mobile":0,"ocean_menu_typo_line_height_unit":"","ocean_menu_typo_spacing":0,"ocean_menu_typo_spacing_tablet":0,"ocean_menu_typo_spacing_mobile":0,"ocean_menu_typo_spacing_unit":"","ocean_menu_link_color":"","ocean_menu_link_color_hover":"","ocean_menu_link_color_active":"","ocean_menu_link_background":"","ocean_menu_link_hover_background":"","ocean_menu_link_active_background":"","ocean_menu_social_links_bg":"","ocean_menu_social_hover_links_bg":"","ocean_menu_social_links_color":"","ocean_menu_social_hover_links_color":"","ocean_disable_title":"default","ocean_disable_heading":"default","ocean_post_title":"","ocean_post_subheading":"","ocean_post_title_style":"","ocean_post_title_background_color":"","ocean_post_title_background":0,"ocean_post_title_bg_image_position":"","ocean_post_title_bg_image_attachment":"","ocean_post_title_bg_image_repeat":"","ocean_post_title_bg_image_size":"","ocean_post_title_height":0,"ocean_post_title_bg_overlay":0.5,"ocean_post_title_bg_overlay_color":"","ocean_disable_breadcrumbs":"default","ocean_breadcrumbs_color":"","ocean_breadcrumbs_separator_color":"","ocean_breadcrumbs_links_color":"","ocean_breadcrumbs_links_hover_color":"","ocean_display_footer_widgets":"default","ocean_display_footer_bottom":"default","ocean_custom_footer_template":"0","footnotes":""},"_links":{"self":[{"href":"https:\/\/tamus.tachov.org\/subdom\/tamus\/wp-json\/wp\/v2\/pages\/53"}],"collection":[{"href":"https:\/\/tamus.tachov.org\/subdom\/tamus\/wp-json\/wp\/v2\/pages"}],"about":[{"href":"https:\/\/tamus.tachov.org\/subdom\/tamus\/wp-json\/wp\/v2\/types\/page"}],"author":[{"embeddable":true,"href":"https:\/\/tamus.tachov.org\/subdom\/tamus\/wp-json\/wp\/v2\/users\/1"}],"replies":[{"embeddable":true,"href":"https:\/\/tamus.tachov.org\/subdom\/tamus\/wp-json\/wp\/v2\/comments?post=53"}],"version-history":[{"count":18,"href":"https:\/\/tamus.tachov.org\/subdom\/tamus\/wp-json\/wp\/v2\/pages\/53\/revisions"}],"predecessor-version":[{"id":752,"href":"https:\/\/tamus.tachov.org\/subdom\/tamus\/wp-json\/wp\/v2\/pages\/53\/revisions\/752"}],"wp:attachment":[{"href":"https:\/\/tamus.tachov.org\/subdom\/tamus\/wp-json\/wp\/v2\/media?parent=53"}],"curies":[{"name":"wp","href":"https:\/\/api.w.org\/{rel}","templated":true}]}}